{"id":1037,"date":"2022-01-21T12:54:31","date_gmt":"2022-01-21T15:54:31","guid":{"rendered":"http:\/\/doctorleandrorios.com\/?page_id=1037"},"modified":"2022-03-22T11:22:01","modified_gmt":"2022-03-22T14:22:01","slug":"contact","status":"publish","type":"page","link":"https:\/\/doctorleandrorios.com\/en\/contact\/","title":{"rendered":"Contact"},"content":{"rendered":"\t\t<div data-elementor-type=\"wp-page\" data-elementor-id=\"1037\" class=\"elementor elementor-1037\">\n\t\t\t\t\t\t<section class=\"elementor-section elementor-top-section elementor-element elementor-element-f32bd7b elementor-section-boxed elementor-section-height-default elementor-section-height-default\" data-id=\"f32bd7b\" data-element_type=\"section\" data-e-type=\"section\">\n\t\t\t\t\t\t<div class=\"elementor-container elementor-column-gap-default\">\n\t\t\t\t\t<div class=\"elementor-column elementor-col-50 elementor-top-column elementor-element elementor-element-50f3029\" data-id=\"50f3029\" data-element_type=\"column\" data-e-type=\"column\">\n\t\t\t<div class=\"elementor-widget-wrap elementor-element-populated\">\n\t\t\t\t\t\t<div class=\"elementor-element elementor-element-c567464 elementor-widget elementor-widget-heading\" data-id=\"c567464\" data-element_type=\"widget\" data-e-type=\"widget\" data-widget_type=\"heading.default\">\n\t\t\t\t<div class=\"elementor-widget-container\">\n\t\t\t\t\t<h2 class=\"elementor-heading-title elementor-size-default\">contact.<\/h2>\t\t\t\t<\/div>\n\t\t\t\t<\/div>\n\t\t\t\t<div class=\"elementor-element elementor-element-a004dcd elementor-widget elementor-widget-text-editor\" data-id=\"a004dcd\" data-element_type=\"widget\" data-e-type=\"widget\" data-widget_type=\"text-editor.default\">\n\t\t\t\t<div class=\"elementor-widget-container\">\n\t\t\t\t\t\t\t\t\t<h5>Leandro Dami\u00e1n R\u00edos<\/h5><p>contacto@doctorleandrorios.com<\/p>\t\t\t\t\t\t\t\t<\/div>\n\t\t\t\t<\/div>\n\t\t\t\t\t<\/div>\n\t\t<\/div>\n\t\t\t\t<div class=\"elementor-column elementor-col-50 elementor-top-column elementor-element elementor-element-d9e6ad0\" data-id=\"d9e6ad0\" data-element_type=\"column\" data-e-type=\"column\">\n\t\t\t<div class=\"elementor-widget-wrap elementor-element-populated\">\n\t\t\t\t\t\t<div class=\"elementor-element elementor-element-2484f93 elementor-widget elementor-widget-image\" data-id=\"2484f93\" data-element_type=\"widget\" data-e-type=\"widget\" data-widget_type=\"image.default\">\n\t\t\t\t<div class=\"elementor-widget-container\">\n\t\t\t\t\t\t\t\t\t\t\t\t\t\t\t<img fetchpriority=\"high\" decoding=\"async\" width=\"683\" height=\"1024\" src=\"https:\/\/doctorleandrorios.com\/en\/wp-content\/uploads\/2022\/01\/Prof-Dr-Leandro-D-Rios-03-683x1024.jpg\" class=\"attachment-large size-large wp-image-1349\" alt=\"\" srcset=\"https:\/\/doctorleandrorios.com\/en\/wp-content\/uploads\/2022\/01\/Prof-Dr-Leandro-D-Rios-03-683x1024.jpg 683w, https:\/\/doctorleandrorios.com\/en\/wp-content\/uploads\/2022\/01\/Prof-Dr-Leandro-D-Rios-03-200x300.jpg 200w, https:\/\/doctorleandrorios.com\/en\/wp-content\/uploads\/2022\/01\/Prof-Dr-Leandro-D-Rios-03-768x1152.jpg 768w, https:\/\/doctorleandrorios.com\/en\/wp-content\/uploads\/2022\/01\/Prof-Dr-Leandro-D-Rios-03-1024x1536.jpg 1024w, https:\/\/doctorleandrorios.com\/en\/wp-content\/uploads\/2022\/01\/Prof-Dr-Leandro-D-Rios-03-920x1380.jpg 920w, https:\/\/doctorleandrorios.com\/en\/wp-content\/uploads\/2022\/01\/Prof-Dr-Leandro-D-Rios-03-230x345.jpg 230w, https:\/\/doctorleandrorios.com\/en\/wp-content\/uploads\/2022\/01\/Prof-Dr-Leandro-D-Rios-03-350x525.jpg 350w, https:\/\/doctorleandrorios.com\/en\/wp-content\/uploads\/2022\/01\/Prof-Dr-Leandro-D-Rios-03-480x720.jpg 480w, https:\/\/doctorleandrorios.com\/en\/wp-content\/uploads\/2022\/01\/Prof-Dr-Leandro-D-Rios-03.jpg 1080w\" sizes=\"(max-width: 683px) 100vw, 683px\" \/>\t\t\t\t\t\t\t\t\t\t\t\t\t\t\t<\/div>\n\t\t\t\t<\/div>\n\t\t\t\t\t<\/div>\n\t\t<\/div>\n\t\t\t\t\t<\/div>\n\t\t<\/section>\n\t\t\t\t<\/div>\n\t\t","protected":false},"excerpt":{"rendered":"<p>contact. Leandro Dami\u00e1n R\u00edos contacto@doctorleandrorios.com<\/p>\n","protected":false},"author":3,"featured_media":0,"parent":0,"menu_order":0,"comment_status":"closed","ping_status":"closed","template":"page-templates\/page_front-page.php","meta":{"footnotes":""},"class_list":["post-1037","page","type-page","status-publish","hentry"],"yoast_head":"<!-- This site is optimized with the Yoast SEO plugin v27.5 - https:\/\/yoast.com\/product\/yoast-seo-wordpress\/ -->\n<title>Contact - Dr. Leandro R\u00edos<\/title>\n<meta name=\"robots\" content=\"index, follow, max-snippet:-1, max-image-preview:large, max-video-preview:-1\" \/>\n<link rel=\"canonical\" href=\"https:\/\/doctorleandrorios.com\/en\/contact\/\" \/>\n<meta property=\"og:locale\" content=\"es_ES\" \/>\n<meta property=\"og:type\" content=\"article\" \/>\n<meta property=\"og:title\" content=\"Contact - Dr. Leandro R\u00edos\" \/>\n<meta property=\"og:description\" content=\"contact. Leandro Dami\u00e1n R\u00edos contacto@doctorleandrorios.com\" \/>\n<meta property=\"og:url\" content=\"https:\/\/doctorleandrorios.com\/en\/contact\/\" \/>\n<meta property=\"og:site_name\" content=\"Dr. Leandro R\u00edos\" \/>\n<meta property=\"article:modified_time\" content=\"2022-03-22T14:22:01+00:00\" \/>\n<meta property=\"og:image\" content=\"https:\/\/doctorleandrorios.com\/en\/wp-content\/uploads\/2022\/01\/Prof-Dr-Leandro-D-Rios-03-683x1024.jpg\" \/>\n<meta name=\"twitter:card\" content=\"summary_large_image\" \/>\n<meta name=\"twitter:label1\" content=\"Tiempo de lectura\" \/>\n\t<meta name=\"twitter:data1\" content=\"1 minuto\" \/>\n<script type=\"application\/ld+json\" class=\"yoast-schema-graph\">{\"@context\":\"https:\\\/\\\/schema.org\",\"@graph\":[{\"@type\":\"WebPage\",\"@id\":\"https:\\\/\\\/doctorleandrorios.com\\\/en\\\/contact\\\/\",\"url\":\"https:\\\/\\\/doctorleandrorios.com\\\/en\\\/contact\\\/\",\"name\":\"Contact - Dr. Leandro R\u00edos\",\"isPartOf\":{\"@id\":\"https:\\\/\\\/doctorleandrorios.com\\\/en\\\/#website\"},\"primaryImageOfPage\":{\"@id\":\"https:\\\/\\\/doctorleandrorios.com\\\/en\\\/contact\\\/#primaryimage\"},\"image\":{\"@id\":\"https:\\\/\\\/doctorleandrorios.com\\\/en\\\/contact\\\/#primaryimage\"},\"thumbnailUrl\":\"https:\\\/\\\/doctorleandrorios.com\\\/en\\\/wp-content\\\/uploads\\\/2022\\\/01\\\/Prof-Dr-Leandro-D-Rios-03-683x1024.jpg\",\"datePublished\":\"2022-01-21T15:54:31+00:00\",\"dateModified\":\"2022-03-22T14:22:01+00:00\",\"breadcrumb\":{\"@id\":\"https:\\\/\\\/doctorleandrorios.com\\\/en\\\/contact\\\/#breadcrumb\"},\"inLanguage\":\"es\",\"potentialAction\":[{\"@type\":\"ReadAction\",\"target\":[\"https:\\\/\\\/doctorleandrorios.com\\\/en\\\/contact\\\/\"]}]},{\"@type\":\"ImageObject\",\"inLanguage\":\"es\",\"@id\":\"https:\\\/\\\/doctorleandrorios.com\\\/en\\\/contact\\\/#primaryimage\",\"url\":\"https:\\\/\\\/doctorleandrorios.com\\\/en\\\/wp-content\\\/uploads\\\/2022\\\/01\\\/Prof-Dr-Leandro-D-Rios-03.jpg\",\"contentUrl\":\"https:\\\/\\\/doctorleandrorios.com\\\/en\\\/wp-content\\\/uploads\\\/2022\\\/01\\\/Prof-Dr-Leandro-D-Rios-03.jpg\",\"width\":1080,\"height\":1620},{\"@type\":\"BreadcrumbList\",\"@id\":\"https:\\\/\\\/doctorleandrorios.com\\\/en\\\/contact\\\/#breadcrumb\",\"itemListElement\":[{\"@type\":\"ListItem\",\"position\":1,\"name\":\"Portada\",\"item\":\"https:\\\/\\\/doctorleandrorios.com\\\/en\\\/\"},{\"@type\":\"ListItem\",\"position\":2,\"name\":\"Contact\"}]},{\"@type\":\"WebSite\",\"@id\":\"https:\\\/\\\/doctorleandrorios.com\\\/en\\\/#website\",\"url\":\"https:\\\/\\\/doctorleandrorios.com\\\/en\\\/\",\"name\":\"Dr. Leandro R\u00edos\",\"description\":\"Personal website of Doctor Leandro R\u00edos\",\"publisher\":{\"@id\":\"https:\\\/\\\/doctorleandrorios.com\\\/en\\\/#\\\/schema\\\/person\\\/7becc6bedb07d52217c002f23ac2fa40\"},\"potentialAction\":[{\"@type\":\"SearchAction\",\"target\":{\"@type\":\"EntryPoint\",\"urlTemplate\":\"https:\\\/\\\/doctorleandrorios.com\\\/en\\\/?s={search_term_string}\"},\"query-input\":{\"@type\":\"PropertyValueSpecification\",\"valueRequired\":true,\"valueName\":\"search_term_string\"}}],\"inLanguage\":\"es\"},{\"@type\":[\"Person\",\"Organization\"],\"@id\":\"https:\\\/\\\/doctorleandrorios.com\\\/en\\\/#\\\/schema\\\/person\\\/7becc6bedb07d52217c002f23ac2fa40\",\"name\":\"Leandro R\u00edos\",\"image\":{\"@type\":\"ImageObject\",\"inLanguage\":\"es\",\"@id\":\"https:\\\/\\\/doctorleandrorios.com\\\/wp-content\\\/uploads\\\/2022\\\/02\\\/Imagen-perfil-LD-Rios-02.png\",\"url\":\"https:\\\/\\\/doctorleandrorios.com\\\/wp-content\\\/uploads\\\/2022\\\/02\\\/Imagen-perfil-LD-Rios-02.png\",\"contentUrl\":\"https:\\\/\\\/doctorleandrorios.com\\\/wp-content\\\/uploads\\\/2022\\\/02\\\/Imagen-perfil-LD-Rios-02.png\",\"width\":300,\"height\":300,\"caption\":\"Leandro R\u00edos\"},\"logo\":{\"@id\":\"https:\\\/\\\/doctorleandrorios.com\\\/wp-content\\\/uploads\\\/2022\\\/02\\\/Imagen-perfil-LD-Rios-02.png\"},\"description\":\"Leandro Dami\u00e1n R\u00edos es Doctor en Derecho, Magister en Derecho Penal y Abogado Especialista en Derecho Penal egresado de Facultad de Ciencias Jur\u00eddicas y Sociales de la Universidad Nacional del Litoral (FCJS \u2013 UNL). Es Profesor Adjunto Ordinario de Derecho Penal \u2013 Parte General, de grado y de posgrado. Es Disertante y Docente invitado en universidades argentinas y extranjeras. Es autor de publicaciones sobre tem\u00e1ticas relativas al Derecho Penal, Procesal Penal, Electoral, Ambiental, de G\u00e9nero y a la Teor\u00eda General del Derecho. El Doctor Leandro R\u00edos se desempe\u00f1a como Juez Federal con competencia penal y electoral en la ciudad de Paran\u00e1 \u2013 Entre R\u00edos, Rep\u00fablica Argentina.\",\"sameAs\":[\"http:\\\/\\\/www.doctorleandrorios.com\",\"https:\\\/\\\/www.youtube.com\\\/channel\\\/UCscDlWavVlJ533Zp4yoR5Ww\"]}]}<\/script>\n<!-- \/ Yoast SEO plugin. -->","yoast_head_json":{"title":"Contact - Dr. Leandro R\u00edos","robots":{"index":"index","follow":"follow","max-snippet":"max-snippet:-1","max-image-preview":"max-image-preview:large","max-video-preview":"max-video-preview:-1"},"canonical":"https:\/\/doctorleandrorios.com\/en\/contact\/","og_locale":"es_ES","og_type":"article","og_title":"Contact - Dr. Leandro R\u00edos","og_description":"contact. Leandro Dami\u00e1n R\u00edos contacto@doctorleandrorios.com","og_url":"https:\/\/doctorleandrorios.com\/en\/contact\/","og_site_name":"Dr. Leandro R\u00edos","article_modified_time":"2022-03-22T14:22:01+00:00","og_image":[{"url":"https:\/\/doctorleandrorios.com\/en\/wp-content\/uploads\/2022\/01\/Prof-Dr-Leandro-D-Rios-03-683x1024.jpg","type":"","width":"","height":""}],"twitter_card":"summary_large_image","twitter_misc":{"Tiempo de lectura":"1 minuto"},"schema":{"@context":"https:\/\/schema.org","@graph":[{"@type":"WebPage","@id":"https:\/\/doctorleandrorios.com\/en\/contact\/","url":"https:\/\/doctorleandrorios.com\/en\/contact\/","name":"Contact - Dr. Leandro R\u00edos","isPartOf":{"@id":"https:\/\/doctorleandrorios.com\/en\/#website"},"primaryImageOfPage":{"@id":"https:\/\/doctorleandrorios.com\/en\/contact\/#primaryimage"},"image":{"@id":"https:\/\/doctorleandrorios.com\/en\/contact\/#primaryimage"},"thumbnailUrl":"https:\/\/doctorleandrorios.com\/en\/wp-content\/uploads\/2022\/01\/Prof-Dr-Leandro-D-Rios-03-683x1024.jpg","datePublished":"2022-01-21T15:54:31+00:00","dateModified":"2022-03-22T14:22:01+00:00","breadcrumb":{"@id":"https:\/\/doctorleandrorios.com\/en\/contact\/#breadcrumb"},"inLanguage":"es","potentialAction":[{"@type":"ReadAction","target":["https:\/\/doctorleandrorios.com\/en\/contact\/"]}]},{"@type":"ImageObject","inLanguage":"es","@id":"https:\/\/doctorleandrorios.com\/en\/contact\/#primaryimage","url":"https:\/\/doctorleandrorios.com\/en\/wp-content\/uploads\/2022\/01\/Prof-Dr-Leandro-D-Rios-03.jpg","contentUrl":"https:\/\/doctorleandrorios.com\/en\/wp-content\/uploads\/2022\/01\/Prof-Dr-Leandro-D-Rios-03.jpg","width":1080,"height":1620},{"@type":"BreadcrumbList","@id":"https:\/\/doctorleandrorios.com\/en\/contact\/#breadcrumb","itemListElement":[{"@type":"ListItem","position":1,"name":"Portada","item":"https:\/\/doctorleandrorios.com\/en\/"},{"@type":"ListItem","position":2,"name":"Contact"}]},{"@type":"WebSite","@id":"https:\/\/doctorleandrorios.com\/en\/#website","url":"https:\/\/doctorleandrorios.com\/en\/","name":"Dr. Leandro R\u00edos","description":"Personal website of Doctor Leandro R\u00edos","publisher":{"@id":"https:\/\/doctorleandrorios.com\/en\/#\/schema\/person\/7becc6bedb07d52217c002f23ac2fa40"},"potentialAction":[{"@type":"SearchAction","target":{"@type":"EntryPoint","urlTemplate":"https:\/\/doctorleandrorios.com\/en\/?s={search_term_string}"},"query-input":{"@type":"PropertyValueSpecification","valueRequired":true,"valueName":"search_term_string"}}],"inLanguage":"es"},{"@type":["Person","Organization"],"@id":"https:\/\/doctorleandrorios.com\/en\/#\/schema\/person\/7becc6bedb07d52217c002f23ac2fa40","name":"Leandro R\u00edos","image":{"@type":"ImageObject","inLanguage":"es","@id":"https:\/\/doctorleandrorios.com\/wp-content\/uploads\/2022\/02\/Imagen-perfil-LD-Rios-02.png","url":"https:\/\/doctorleandrorios.com\/wp-content\/uploads\/2022\/02\/Imagen-perfil-LD-Rios-02.png","contentUrl":"https:\/\/doctorleandrorios.com\/wp-content\/uploads\/2022\/02\/Imagen-perfil-LD-Rios-02.png","width":300,"height":300,"caption":"Leandro R\u00edos"},"logo":{"@id":"https:\/\/doctorleandrorios.com\/wp-content\/uploads\/2022\/02\/Imagen-perfil-LD-Rios-02.png"},"description":"Leandro Dami\u00e1n R\u00edos es Doctor en Derecho, Magister en Derecho Penal y Abogado Especialista en Derecho Penal egresado de Facultad de Ciencias Jur\u00eddicas y Sociales de la Universidad Nacional del Litoral (FCJS \u2013 UNL). Es Profesor Adjunto Ordinario de Derecho Penal \u2013 Parte General, de grado y de posgrado. Es Disertante y Docente invitado en universidades argentinas y extranjeras. Es autor de publicaciones sobre tem\u00e1ticas relativas al Derecho Penal, Procesal Penal, Electoral, Ambiental, de G\u00e9nero y a la Teor\u00eda General del Derecho. El Doctor Leandro R\u00edos se desempe\u00f1a como Juez Federal con competencia penal y electoral en la ciudad de Paran\u00e1 \u2013 Entre R\u00edos, Rep\u00fablica Argentina.","sameAs":["http:\/\/www.doctorleandrorios.com","https:\/\/www.youtube.com\/channel\/UCscDlWavVlJ533Zp4yoR5Ww"]}]}},"_links":{"self":[{"href":"https:\/\/doctorleandrorios.com\/en\/wp-json\/wp\/v2\/pages\/1037","targetHints":{"allow":["GET"]}}],"collection":[{"href":"https:\/\/doctorleandrorios.com\/en\/wp-json\/wp\/v2\/pages"}],"about":[{"href":"https:\/\/doctorleandrorios.com\/en\/wp-json\/wp\/v2\/types\/page"}],"author":[{"embeddable":true,"href":"https:\/\/doctorleandrorios.com\/en\/wp-json\/wp\/v2\/users\/3"}],"replies":[{"embeddable":true,"href":"https:\/\/doctorleandrorios.com\/en\/wp-json\/wp\/v2\/comments?post=1037"}],"version-history":[{"count":37,"href":"https:\/\/doctorleandrorios.com\/en\/wp-json\/wp\/v2\/pages\/1037\/revisions"}],"predecessor-version":[{"id":2045,"href":"https:\/\/doctorleandrorios.com\/en\/wp-json\/wp\/v2\/pages\/1037\/revisions\/2045"}],"wp:attachment":[{"href":"https:\/\/doctorleandrorios.com\/en\/wp-json\/wp\/v2\/media?parent=1037"}],"curies":[{"name":"wp","href":"https:\/\/api.w.org\/{rel}","templated":true}]}}