{"id":261,"date":"2021-10-12T12:59:42","date_gmt":"2021-10-12T15:59:42","guid":{"rendered":"http:\/\/doctorleandrorios.com\/?page_id=261"},"modified":"2022-06-13T09:45:24","modified_gmt":"2022-06-13T12:45:24","slug":"conferences","status":"publish","type":"page","link":"https:\/\/doctorleandrorios.com\/en\/conferences\/","title":{"rendered":"Conferences"},"content":{"rendered":"\t\t<div data-elementor-type=\"wp-page\" data-elementor-id=\"261\" class=\"elementor elementor-261\">\n\t\t\t\t\t\t<section class=\"elementor-section elementor-top-section elementor-element elementor-element-bbde484 elementor-section-stretched elementor-section-height-min-height elementor-section-boxed elementor-section-height-default elementor-section-items-middle\" data-id=\"bbde484\" data-element_type=\"section\" data-e-type=\"section\" data-settings=\"{&quot;background_background&quot;:&quot;classic&quot;,&quot;stretch_section&quot;:&quot;section-stretched&quot;}\">\n\t\t\t\t\t\t<div class=\"elementor-container elementor-column-gap-default\">\n\t\t\t\t\t<div class=\"elementor-column elementor-col-100 elementor-top-column elementor-element elementor-element-cf34adc\" data-id=\"cf34adc\" data-element_type=\"column\" data-e-type=\"column\">\n\t\t\t<div class=\"elementor-widget-wrap\">\n\t\t\t\t\t\t\t<\/div>\n\t\t<\/div>\n\t\t\t\t\t<\/div>\n\t\t<\/section>\n\t\t\t\t<section class=\"elementor-section elementor-top-section elementor-element elementor-element-e989b90 elementor-section-boxed elementor-section-height-default elementor-section-height-default\" data-id=\"e989b90\" data-element_type=\"section\" data-e-type=\"section\">\n\t\t\t\t\t\t<div class=\"elementor-container elementor-column-gap-default\">\n\t\t\t\t\t<div class=\"elementor-column elementor-col-100 elementor-top-column elementor-element elementor-element-8fe9d86\" data-id=\"8fe9d86\" data-element_type=\"column\" data-e-type=\"column\">\n\t\t\t<div class=\"elementor-widget-wrap elementor-element-populated\">\n\t\t\t\t\t\t<div class=\"elementor-element elementor-element-fd382bd elementor-widget elementor-widget-heading\" data-id=\"fd382bd\" data-element_type=\"widget\" data-e-type=\"widget\" data-widget_type=\"heading.default\">\n\t\t\t\t<div class=\"elementor-widget-container\">\n\t\t\t\t\t<h2 class=\"elementor-heading-title elementor-size-default\">conferences.<\/h2>\t\t\t\t<\/div>\n\t\t\t\t<\/div>\n\t\t\t\t<div class=\"elementor-element elementor-element-3f09c2a elementor-widget elementor-widget-text-editor\" data-id=\"3f09c2a\" data-element_type=\"widget\" data-e-type=\"widget\" data-widget_type=\"text-editor.default\">\n\t\t\t\t<div class=\"elementor-widget-container\">\n\t\t\t\t\t\t\t\t\t<h5>It is my purpose to integrate, synthesize and relate highly complex and apparently distant themes, to find new and affordable perspectives of analysis and decision.<\/h5><p>As a lecturer, speaker or rapporteur, I address the various topics related to my lines of research.<\/p><p>In my conferences there are always unbeatable opportunities for exchange and interdisciplinary debate with colleagues and students from other areas of knowledge.<\/p>\t\t\t\t\t\t\t\t<\/div>\n\t\t\t\t<\/div>\n\t\t\t\t\t<\/div>\n\t\t<\/div>\n\t\t\t\t\t<\/div>\n\t\t<\/section>\n\t\t\t\t<section class=\"elementor-section elementor-top-section elementor-element elementor-element-45e6346 elementor-section-boxed elementor-section-height-default elementor-section-height-default\" data-id=\"45e6346\" data-element_type=\"section\" data-e-type=\"section\">\n\t\t\t\t\t\t<div class=\"elementor-container elementor-column-gap-default\">\n\t\t\t\t\t<div class=\"elementor-column elementor-col-100 elementor-top-column elementor-element elementor-element-e04b8e6\" data-id=\"e04b8e6\" data-element_type=\"column\" data-e-type=\"column\" data-settings=\"{&quot;background_background&quot;:&quot;classic&quot;}\">\n\t\t\t<div class=\"elementor-widget-wrap elementor-element-populated\">\n\t\t\t\t\t\t<div class=\"elementor-element elementor-element-a45f611 elementor-widget elementor-widget-text-editor\" data-id=\"a45f611\" data-element_type=\"widget\" data-e-type=\"widget\" data-widget_type=\"text-editor.default\">\n\t\t\t\t<div class=\"elementor-widget-container\">\n\t\t\t\t\t\t\t\t\t<p>When I speak to an audience, I choose my words to be precise in describing the purpose, function, and rationale of my research, but I also choose my expressions in ways that are expansive and provocative, encouraging listeners to do Pause and think about the implications and potential impact of what is being proposed.<\/p><p>To date, I have presented, discussed and taught Law before various audiences: students, university teachers and researchers, magistrates, legislators and the general public.<\/p><p><strong>If you would like me to speak at your institution, please contact me.<\/strong><\/p>\t\t\t\t\t\t\t\t<\/div>\n\t\t\t\t<\/div>\n\t\t\t\t<div class=\"elementor-element elementor-element-d78f539 elementor-align-center elementor-button-info elementor-widget elementor-widget-button\" data-id=\"d78f539\" data-element_type=\"widget\" data-e-type=\"widget\" data-widget_type=\"button.default\">\n\t\t\t\t<div class=\"elementor-widget-container\">\n\t\t\t\t\t\t\t\t\t<div class=\"elementor-button-wrapper\">\n\t\t\t\t\t<a class=\"elementor-button elementor-button-link elementor-size-sm\" href=\"https:\/\/doctorleandrorios.com\/en\/contact\/\">\n\t\t\t\t\t\t<span class=\"elementor-button-content-wrapper\">\n\t\t\t\t\t\t\t\t\t<span class=\"elementor-button-text\">Contact<\/span>\n\t\t\t\t\t<\/span>\n\t\t\t\t\t<\/a>\n\t\t\t\t<\/div>\n\t\t\t\t\t\t\t\t<\/div>\n\t\t\t\t<\/div>\n\t\t\t\t\t<\/div>\n\t\t<\/div>\n\t\t\t\t\t<\/div>\n\t\t<\/section>\n\t\t\t\t<section class=\"elementor-section elementor-top-section elementor-element elementor-element-a385a88 elementor-section-content-middle elementor-section-boxed elementor-section-height-default elementor-section-height-default\" data-id=\"a385a88\" data-element_type=\"section\" data-e-type=\"section\">\n\t\t\t\t\t\t<div class=\"elementor-container elementor-column-gap-default\">\n\t\t\t\t\t<div class=\"elementor-column elementor-col-50 elementor-top-column elementor-element elementor-element-e748aee\" data-id=\"e748aee\" data-element_type=\"column\" data-e-type=\"column\" data-settings=\"{&quot;background_background&quot;:&quot;classic&quot;}\">\n\t\t\t<div class=\"elementor-widget-wrap elementor-element-populated\">\n\t\t\t\t\t\t<div class=\"elementor-element elementor-element-01a4885 elementor-widget elementor-widget-text-editor\" data-id=\"01a4885\" data-element_type=\"widget\" data-e-type=\"widget\" data-widget_type=\"text-editor.default\">\n\t\t\t\t<div class=\"elementor-widget-container\">\n\t\t\t\t\t\t\t\t\t<h5>Cumulative Crimes: What if we all did them?<\/h5><p>There are individual behaviors that, considered in isolation, lack any offensive power, but that, if imitated or repeated, affect the essential interests of society.<\/p><p>The research topic on this class of guilty offenses arises from the ecological crisis but extending it to the entire theory of penal imputation and administrative sanctions. Its different notions, the adjacent and juxtaposed themes, its criticisms and defenses and a personal proposal to conceive it as a case structurally similar to the abuse of rights.\u00a0\u00a0<\/p>\t\t\t\t\t\t\t\t<\/div>\n\t\t\t\t<\/div>\n\t\t\t\t\t<\/div>\n\t\t<\/div>\n\t\t\t\t<div class=\"elementor-column elementor-col-50 elementor-top-column elementor-element elementor-element-a827dd7\" data-id=\"a827dd7\" data-element_type=\"column\" data-e-type=\"column\" data-settings=\"{&quot;background_background&quot;:&quot;classic&quot;}\">\n\t\t\t<div class=\"elementor-widget-wrap elementor-element-populated\">\n\t\t\t\t\t\t<div class=\"elementor-element elementor-element-595e586 elementor-widget elementor-widget-video\" data-id=\"595e586\" data-element_type=\"widget\" data-e-type=\"widget\" data-settings=\"{&quot;youtube_url&quot;:&quot;https:\\\/\\\/youtu.be\\\/kyJKn0JxEME&quot;,&quot;video_type&quot;:&quot;youtube&quot;,&quot;controls&quot;:&quot;yes&quot;}\" data-widget_type=\"video.default\">\n\t\t\t\t<div class=\"elementor-widget-container\">\n\t\t\t\t\t\t\t<div class=\"elementor-wrapper elementor-open-inline\">\n\t\t\t<div class=\"elementor-video\"><\/div>\t\t<\/div>\n\t\t\t\t\t\t<\/div>\n\t\t\t\t<\/div>\n\t\t\t\t\t<\/div>\n\t\t<\/div>\n\t\t\t\t\t<\/div>\n\t\t<\/section>\n\t\t\t\t<section class=\"elementor-section elementor-top-section elementor-element elementor-element-0e4a9cd elementor-section-content-middle elementor-section-boxed elementor-section-height-default elementor-section-height-default\" data-id=\"0e4a9cd\" data-element_type=\"section\" data-e-type=\"section\">\n\t\t\t\t\t\t<div class=\"elementor-container elementor-column-gap-default\">\n\t\t\t\t\t<div class=\"elementor-column elementor-col-50 elementor-top-column elementor-element elementor-element-cd43715\" data-id=\"cd43715\" data-element_type=\"column\" data-e-type=\"column\" data-settings=\"{&quot;background_background&quot;:&quot;classic&quot;}\">\n\t\t\t<div class=\"elementor-widget-wrap elementor-element-populated\">\n\t\t\t\t\t\t<div class=\"elementor-element elementor-element-cfbea51 elementor-widget elementor-widget-video\" data-id=\"cfbea51\" data-element_type=\"widget\" data-e-type=\"widget\" data-settings=\"{&quot;youtube_url&quot;:&quot;https:\\\/\\\/youtu.be\\\/A6wRy3A8Dsk&quot;,&quot;video_type&quot;:&quot;youtube&quot;,&quot;controls&quot;:&quot;yes&quot;}\" data-widget_type=\"video.default\">\n\t\t\t\t<div class=\"elementor-widget-container\">\n\t\t\t\t\t\t\t<div class=\"elementor-wrapper elementor-open-inline\">\n\t\t\t<div class=\"elementor-video\"><\/div>\t\t<\/div>\n\t\t\t\t\t\t<\/div>\n\t\t\t\t<\/div>\n\t\t\t\t\t<\/div>\n\t\t<\/div>\n\t\t\t\t<div class=\"elementor-column elementor-col-50 elementor-top-column elementor-element elementor-element-b4027fd\" data-id=\"b4027fd\" data-element_type=\"column\" data-e-type=\"column\" data-settings=\"{&quot;background_background&quot;:&quot;classic&quot;}\">\n\t\t\t<div class=\"elementor-widget-wrap elementor-element-populated\">\n\t\t\t\t\t\t<div class=\"elementor-element elementor-element-7202ae9 elementor-widget elementor-widget-text-editor\" data-id=\"7202ae9\" data-element_type=\"widget\" data-e-type=\"widget\" data-widget_type=\"text-editor.default\">\n\t\t\t\t<div class=\"elementor-widget-container\">\n\t\t\t\t\t\t\t\t\t<h5>Towards an authentic comprehensive system of Criminal Law<\/h5><p>With the purpose of a genuine integration and from a constructivist perspective, a review of the relationships usually predicated between criminal law and criminal procedural law is proposed.<\/p><p>As a thesis, it is stated that the distinction between criminal law and criminal procedural law is merely pedagogical, since in the constructive transition from the most general and abstract planes (law), to the most concrete and particular planes (sentence), it is many sometimes impossible, inadequate and inadvisable, in the construction of the decision of the intersubjective conflict, to separate the static dimension (Criminal Law) from the dynamic dimension (Criminal Procedure Law).<\/p><p>As a complement to the exhibition, download the exhibition notes here.<\/p>\t\t\t\t\t\t\t\t<\/div>\n\t\t\t\t<\/div>\n\t\t\t\t\t<\/div>\n\t\t<\/div>\n\t\t\t\t\t<\/div>\n\t\t<\/section>\n\t\t\t\t<section class=\"elementor-section elementor-top-section elementor-element elementor-element-f25b61b elementor-section-content-middle elementor-section-boxed elementor-section-height-default elementor-section-height-default\" data-id=\"f25b61b\" data-element_type=\"section\" data-e-type=\"section\">\n\t\t\t\t\t\t<div class=\"elementor-container elementor-column-gap-default\">\n\t\t\t\t\t<div class=\"elementor-column elementor-col-50 elementor-top-column elementor-element elementor-element-f1fc38a\" data-id=\"f1fc38a\" data-element_type=\"column\" data-e-type=\"column\" data-settings=\"{&quot;background_background&quot;:&quot;classic&quot;}\">\n\t\t\t<div class=\"elementor-widget-wrap elementor-element-populated\">\n\t\t\t\t\t\t<div class=\"elementor-element elementor-element-45e710d elementor-widget elementor-widget-text-editor\" data-id=\"45e710d\" data-element_type=\"widget\" data-e-type=\"widget\" data-widget_type=\"text-editor.default\">\n\t\t\t\t<div class=\"elementor-widget-container\">\n\t\t\t\t\t\t\t\t\t<h5>Transparency in the financing system of political parties in Argentina.<\/h5><p>Within the framework of the conflict of interest in the self-regulation of political financing, enormous material resources are required that must be collected and applied lawfully. Transparency and public information on party political financing are demands of the constitutional state of law. Its technical possibilities and political limitations related to its due control constitute an object of study that must also be observed from a legal perspective.<\/p><p>This lecture was published in \u00abJornadas internacionales: Responsabilidad social y transparencia. Una lectura desde el Derecho internacional privado\u201d (Ed. Aranzadi Thomson Reuters, 2021), available at <strong><a href=\"https:\/\/doctorleandrorios.com\/en\/publications\/\">publications.<\/a><\/strong><\/p>\t\t\t\t\t\t\t\t<\/div>\n\t\t\t\t<\/div>\n\t\t\t\t\t<\/div>\n\t\t<\/div>\n\t\t\t\t<div class=\"elementor-column elementor-col-50 elementor-top-column elementor-element elementor-element-a469dda\" data-id=\"a469dda\" data-element_type=\"column\" data-e-type=\"column\" data-settings=\"{&quot;background_background&quot;:&quot;classic&quot;}\">\n\t\t\t<div class=\"elementor-widget-wrap elementor-element-populated\">\n\t\t\t\t\t\t<div class=\"elementor-element elementor-element-ca531ee elementor-widget elementor-widget-video\" data-id=\"ca531ee\" data-element_type=\"widget\" data-e-type=\"widget\" data-settings=\"{&quot;youtube_url&quot;:&quot;https:\\\/\\\/youtu.be\\\/Bx5WDr5bnkk&quot;,&quot;video_type&quot;:&quot;youtube&quot;,&quot;controls&quot;:&quot;yes&quot;}\" data-widget_type=\"video.default\">\n\t\t\t\t<div class=\"elementor-widget-container\">\n\t\t\t\t\t\t\t<div class=\"elementor-wrapper elementor-open-inline\">\n\t\t\t<div class=\"elementor-video\"><\/div>\t\t<\/div>\n\t\t\t\t\t\t<\/div>\n\t\t\t\t<\/div>\n\t\t\t\t\t<\/div>\n\t\t<\/div>\n\t\t\t\t\t<\/div>\n\t\t<\/section>\n\t\t\t\t<section class=\"elementor-section elementor-top-section elementor-element elementor-element-193d753 elementor-section-content-middle elementor-section-boxed elementor-section-height-default elementor-section-height-default\" data-id=\"193d753\" data-element_type=\"section\" data-e-type=\"section\">\n\t\t\t\t\t\t<div class=\"elementor-container elementor-column-gap-default\">\n\t\t\t\t\t<div class=\"elementor-column elementor-col-50 elementor-top-column elementor-element elementor-element-9368dc1\" data-id=\"9368dc1\" data-element_type=\"column\" data-e-type=\"column\" data-settings=\"{&quot;background_background&quot;:&quot;classic&quot;}\">\n\t\t\t<div class=\"elementor-widget-wrap elementor-element-populated\">\n\t\t\t\t\t\t<div class=\"elementor-element elementor-element-df43c0f elementor-widget elementor-widget-video\" data-id=\"df43c0f\" data-element_type=\"widget\" data-e-type=\"widget\" data-settings=\"{&quot;youtube_url&quot;:&quot;https:\\\/\\\/youtu.be\\\/NyUFuyJl3tE&quot;,&quot;video_type&quot;:&quot;youtube&quot;,&quot;controls&quot;:&quot;yes&quot;}\" data-widget_type=\"video.default\">\n\t\t\t\t<div class=\"elementor-widget-container\">\n\t\t\t\t\t\t\t<div class=\"elementor-wrapper elementor-open-inline\">\n\t\t\t<div class=\"elementor-video\"><\/div>\t\t<\/div>\n\t\t\t\t\t\t<\/div>\n\t\t\t\t<\/div>\n\t\t\t\t\t<\/div>\n\t\t<\/div>\n\t\t\t\t<div class=\"elementor-column elementor-col-50 elementor-top-column elementor-element elementor-element-7b535f7\" data-id=\"7b535f7\" data-element_type=\"column\" data-e-type=\"column\" data-settings=\"{&quot;background_background&quot;:&quot;classic&quot;}\">\n\t\t\t<div class=\"elementor-widget-wrap elementor-element-populated\">\n\t\t\t\t\t\t<div class=\"elementor-element elementor-element-2045a67 elementor-widget elementor-widget-text-editor\" data-id=\"2045a67\" data-element_type=\"widget\" data-e-type=\"widget\" data-widget_type=\"text-editor.default\">\n\t\t\t\t<div class=\"elementor-widget-container\">\n\t\t\t\t\t\t\t\t\t<h5>\u00abRepressive Electoral Legal System\u00bb. Comprehensive analysis of crimes and electoral offenses in the Argentine legal system<\/h5><p>In the defense of the doctoral thesis, the central aspects of my research are summarized, which aims to lay the foundations for a comprehensive theorization regarding crimes and electoral offenses in the Argentine legal system, guided by the urgent need for systematization, ordering and criticism of the repressive aspects in terms of political crime, still analyzed isolated and tangentially by the local legal doctrine.<\/p><p>After this purpose, the general concepts and categories are suggested with which it is convenient to approach the punitive and sanctioning matter related to democratic participation and its anchors, the binomial \u00absystem of political parties\/election\u00bb. The description and explanation of this conceptual difference concentrates the object of the research and, at the same time, marks its structure, codification and methodology.<\/p>\t\t\t\t\t\t\t\t<\/div>\n\t\t\t\t<\/div>\n\t\t\t\t\t<\/div>\n\t\t<\/div>\n\t\t\t\t\t<\/div>\n\t\t<\/section>\n\t\t\t\t<\/div>\n\t\t","protected":false},"excerpt":{"rendered":"<p>conferences. It is my purpose to integrate, synthesize and relate highly complex and apparently distant themes, to find new and affordable perspectives [&hellip;]<\/p>\n","protected":false},"author":3,"featured_media":0,"parent":0,"menu_order":0,"comment_status":"closed","ping_status":"closed","template":"page-templates\/page_front-page.php","meta":{"footnotes":""},"class_list":["post-261","page","type-page","status-publish","hentry"],"yoast_head":"<!-- This site is optimized with the Yoast SEO plugin v27.5 - https:\/\/yoast.com\/product\/yoast-seo-wordpress\/ -->\n<title>Conferences - Dr. Leandro R\u00edos<\/title>\n<meta name=\"robots\" content=\"index, follow, max-snippet:-1, max-image-preview:large, max-video-preview:-1\" \/>\n<link rel=\"canonical\" href=\"https:\/\/doctorleandrorios.com\/en\/conferences\/\" \/>\n<meta property=\"og:locale\" content=\"es_ES\" \/>\n<meta property=\"og:type\" content=\"article\" \/>\n<meta property=\"og:title\" content=\"Conferences - Dr. Leandro R\u00edos\" \/>\n<meta property=\"og:description\" content=\"conferences. It is my purpose to integrate, synthesize and relate highly complex and apparently distant themes, to find new and affordable perspectives [&hellip;]\" \/>\n<meta property=\"og:url\" content=\"https:\/\/doctorleandrorios.com\/en\/conferences\/\" \/>\n<meta property=\"og:site_name\" content=\"Dr. Leandro R\u00edos\" \/>\n<meta property=\"article:modified_time\" content=\"2022-06-13T12:45:24+00:00\" \/>\n<meta name=\"twitter:card\" content=\"summary_large_image\" \/>\n<meta name=\"twitter:label1\" content=\"Tiempo de lectura\" \/>\n\t<meta name=\"twitter:data1\" content=\"3 minutos\" \/>\n<script type=\"application\/ld+json\" class=\"yoast-schema-graph\">{\"@context\":\"https:\\\/\\\/schema.org\",\"@graph\":[{\"@type\":\"WebPage\",\"@id\":\"https:\\\/\\\/doctorleandrorios.com\\\/en\\\/conferences\\\/\",\"url\":\"https:\\\/\\\/doctorleandrorios.com\\\/en\\\/conferences\\\/\",\"name\":\"Conferences - Dr. Leandro R\u00edos\",\"isPartOf\":{\"@id\":\"https:\\\/\\\/doctorleandrorios.com\\\/en\\\/#website\"},\"datePublished\":\"2021-10-12T15:59:42+00:00\",\"dateModified\":\"2022-06-13T12:45:24+00:00\",\"breadcrumb\":{\"@id\":\"https:\\\/\\\/doctorleandrorios.com\\\/en\\\/conferences\\\/#breadcrumb\"},\"inLanguage\":\"es\",\"potentialAction\":[{\"@type\":\"ReadAction\",\"target\":[\"https:\\\/\\\/doctorleandrorios.com\\\/en\\\/conferences\\\/\"]}]},{\"@type\":\"BreadcrumbList\",\"@id\":\"https:\\\/\\\/doctorleandrorios.com\\\/en\\\/conferences\\\/#breadcrumb\",\"itemListElement\":[{\"@type\":\"ListItem\",\"position\":1,\"name\":\"Portada\",\"item\":\"https:\\\/\\\/doctorleandrorios.com\\\/en\\\/\"},{\"@type\":\"ListItem\",\"position\":2,\"name\":\"Conferences\"}]},{\"@type\":\"WebSite\",\"@id\":\"https:\\\/\\\/doctorleandrorios.com\\\/en\\\/#website\",\"url\":\"https:\\\/\\\/doctorleandrorios.com\\\/en\\\/\",\"name\":\"Dr. Leandro R\u00edos\",\"description\":\"Personal website of Doctor Leandro R\u00edos\",\"publisher\":{\"@id\":\"https:\\\/\\\/doctorleandrorios.com\\\/en\\\/#\\\/schema\\\/person\\\/7becc6bedb07d52217c002f23ac2fa40\"},\"potentialAction\":[{\"@type\":\"SearchAction\",\"target\":{\"@type\":\"EntryPoint\",\"urlTemplate\":\"https:\\\/\\\/doctorleandrorios.com\\\/en\\\/?s={search_term_string}\"},\"query-input\":{\"@type\":\"PropertyValueSpecification\",\"valueRequired\":true,\"valueName\":\"search_term_string\"}}],\"inLanguage\":\"es\"},{\"@type\":[\"Person\",\"Organization\"],\"@id\":\"https:\\\/\\\/doctorleandrorios.com\\\/en\\\/#\\\/schema\\\/person\\\/7becc6bedb07d52217c002f23ac2fa40\",\"name\":\"Leandro R\u00edos\",\"image\":{\"@type\":\"ImageObject\",\"inLanguage\":\"es\",\"@id\":\"https:\\\/\\\/doctorleandrorios.com\\\/wp-content\\\/uploads\\\/2022\\\/02\\\/Imagen-perfil-LD-Rios-02.png\",\"url\":\"https:\\\/\\\/doctorleandrorios.com\\\/wp-content\\\/uploads\\\/2022\\\/02\\\/Imagen-perfil-LD-Rios-02.png\",\"contentUrl\":\"https:\\\/\\\/doctorleandrorios.com\\\/wp-content\\\/uploads\\\/2022\\\/02\\\/Imagen-perfil-LD-Rios-02.png\",\"width\":300,\"height\":300,\"caption\":\"Leandro R\u00edos\"},\"logo\":{\"@id\":\"https:\\\/\\\/doctorleandrorios.com\\\/wp-content\\\/uploads\\\/2022\\\/02\\\/Imagen-perfil-LD-Rios-02.png\"},\"description\":\"Leandro Dami\u00e1n R\u00edos es Doctor en Derecho, Magister en Derecho Penal y Abogado Especialista en Derecho Penal egresado de Facultad de Ciencias Jur\u00eddicas y Sociales de la Universidad Nacional del Litoral (FCJS \u2013 UNL). Es Profesor Adjunto Ordinario de Derecho Penal \u2013 Parte General, de grado y de posgrado. Es Disertante y Docente invitado en universidades argentinas y extranjeras. Es autor de publicaciones sobre tem\u00e1ticas relativas al Derecho Penal, Procesal Penal, Electoral, Ambiental, de G\u00e9nero y a la Teor\u00eda General del Derecho. El Doctor Leandro R\u00edos se desempe\u00f1a como Juez Federal con competencia penal y electoral en la ciudad de Paran\u00e1 \u2013 Entre R\u00edos, Rep\u00fablica Argentina.\",\"sameAs\":[\"http:\\\/\\\/www.doctorleandrorios.com\",\"https:\\\/\\\/www.youtube.com\\\/channel\\\/UCscDlWavVlJ533Zp4yoR5Ww\"]}]}<\/script>\n<!-- \/ Yoast SEO plugin. -->","yoast_head_json":{"title":"Conferences - Dr. Leandro R\u00edos","robots":{"index":"index","follow":"follow","max-snippet":"max-snippet:-1","max-image-preview":"max-image-preview:large","max-video-preview":"max-video-preview:-1"},"canonical":"https:\/\/doctorleandrorios.com\/en\/conferences\/","og_locale":"es_ES","og_type":"article","og_title":"Conferences - Dr. Leandro R\u00edos","og_description":"conferences. It is my purpose to integrate, synthesize and relate highly complex and apparently distant themes, to find new and affordable perspectives [&hellip;]","og_url":"https:\/\/doctorleandrorios.com\/en\/conferences\/","og_site_name":"Dr. Leandro R\u00edos","article_modified_time":"2022-06-13T12:45:24+00:00","twitter_card":"summary_large_image","twitter_misc":{"Tiempo de lectura":"3 minutos"},"schema":{"@context":"https:\/\/schema.org","@graph":[{"@type":"WebPage","@id":"https:\/\/doctorleandrorios.com\/en\/conferences\/","url":"https:\/\/doctorleandrorios.com\/en\/conferences\/","name":"Conferences - Dr. Leandro R\u00edos","isPartOf":{"@id":"https:\/\/doctorleandrorios.com\/en\/#website"},"datePublished":"2021-10-12T15:59:42+00:00","dateModified":"2022-06-13T12:45:24+00:00","breadcrumb":{"@id":"https:\/\/doctorleandrorios.com\/en\/conferences\/#breadcrumb"},"inLanguage":"es","potentialAction":[{"@type":"ReadAction","target":["https:\/\/doctorleandrorios.com\/en\/conferences\/"]}]},{"@type":"BreadcrumbList","@id":"https:\/\/doctorleandrorios.com\/en\/conferences\/#breadcrumb","itemListElement":[{"@type":"ListItem","position":1,"name":"Portada","item":"https:\/\/doctorleandrorios.com\/en\/"},{"@type":"ListItem","position":2,"name":"Conferences"}]},{"@type":"WebSite","@id":"https:\/\/doctorleandrorios.com\/en\/#website","url":"https:\/\/doctorleandrorios.com\/en\/","name":"Dr. Leandro R\u00edos","description":"Personal website of Doctor Leandro R\u00edos","publisher":{"@id":"https:\/\/doctorleandrorios.com\/en\/#\/schema\/person\/7becc6bedb07d52217c002f23ac2fa40"},"potentialAction":[{"@type":"SearchAction","target":{"@type":"EntryPoint","urlTemplate":"https:\/\/doctorleandrorios.com\/en\/?s={search_term_string}"},"query-input":{"@type":"PropertyValueSpecification","valueRequired":true,"valueName":"search_term_string"}}],"inLanguage":"es"},{"@type":["Person","Organization"],"@id":"https:\/\/doctorleandrorios.com\/en\/#\/schema\/person\/7becc6bedb07d52217c002f23ac2fa40","name":"Leandro R\u00edos","image":{"@type":"ImageObject","inLanguage":"es","@id":"https:\/\/doctorleandrorios.com\/wp-content\/uploads\/2022\/02\/Imagen-perfil-LD-Rios-02.png","url":"https:\/\/doctorleandrorios.com\/wp-content\/uploads\/2022\/02\/Imagen-perfil-LD-Rios-02.png","contentUrl":"https:\/\/doctorleandrorios.com\/wp-content\/uploads\/2022\/02\/Imagen-perfil-LD-Rios-02.png","width":300,"height":300,"caption":"Leandro R\u00edos"},"logo":{"@id":"https:\/\/doctorleandrorios.com\/wp-content\/uploads\/2022\/02\/Imagen-perfil-LD-Rios-02.png"},"description":"Leandro Dami\u00e1n R\u00edos es Doctor en Derecho, Magister en Derecho Penal y Abogado Especialista en Derecho Penal egresado de Facultad de Ciencias Jur\u00eddicas y Sociales de la Universidad Nacional del Litoral (FCJS \u2013 UNL). Es Profesor Adjunto Ordinario de Derecho Penal \u2013 Parte General, de grado y de posgrado. Es Disertante y Docente invitado en universidades argentinas y extranjeras. Es autor de publicaciones sobre tem\u00e1ticas relativas al Derecho Penal, Procesal Penal, Electoral, Ambiental, de G\u00e9nero y a la Teor\u00eda General del Derecho. El Doctor Leandro R\u00edos se desempe\u00f1a como Juez Federal con competencia penal y electoral en la ciudad de Paran\u00e1 \u2013 Entre R\u00edos, Rep\u00fablica Argentina.","sameAs":["http:\/\/www.doctorleandrorios.com","https:\/\/www.youtube.com\/channel\/UCscDlWavVlJ533Zp4yoR5Ww"]}]}},"_links":{"self":[{"href":"https:\/\/doctorleandrorios.com\/en\/wp-json\/wp\/v2\/pages\/261","targetHints":{"allow":["GET"]}}],"collection":[{"href":"https:\/\/doctorleandrorios.com\/en\/wp-json\/wp\/v2\/pages"}],"about":[{"href":"https:\/\/doctorleandrorios.com\/en\/wp-json\/wp\/v2\/types\/page"}],"author":[{"embeddable":true,"href":"https:\/\/doctorleandrorios.com\/en\/wp-json\/wp\/v2\/users\/3"}],"replies":[{"embeddable":true,"href":"https:\/\/doctorleandrorios.com\/en\/wp-json\/wp\/v2\/comments?post=261"}],"version-history":[{"count":202,"href":"https:\/\/doctorleandrorios.com\/en\/wp-json\/wp\/v2\/pages\/261\/revisions"}],"predecessor-version":[{"id":2105,"href":"https:\/\/doctorleandrorios.com\/en\/wp-json\/wp\/v2\/pages\/261\/revisions\/2105"}],"wp:attachment":[{"href":"https:\/\/doctorleandrorios.com\/en\/wp-json\/wp\/v2\/media?parent=261"}],"curies":[{"name":"wp","href":"https:\/\/api.w.org\/{rel}","templated":true}]}}