{"id":266,"date":"2021-10-12T13:00:39","date_gmt":"2021-10-12T16:00:39","guid":{"rendered":"http:\/\/doctorleandrorios.com\/?page_id=266"},"modified":"2022-10-14T08:59:59","modified_gmt":"2022-10-14T11:59:59","slug":"roles-responsabilities","status":"publish","type":"page","link":"https:\/\/doctorleandrorios.com\/en\/roles-responsabilities\/","title":{"rendered":"Roles and Responsabilities"},"content":{"rendered":"\t\t<div data-elementor-type=\"wp-page\" data-elementor-id=\"266\" class=\"elementor elementor-266\">\n\t\t\t\t\t\t<section class=\"elementor-section elementor-top-section elementor-element elementor-element-d625c88 elementor-section-boxed elementor-section-height-default elementor-section-height-default\" data-id=\"d625c88\" data-element_type=\"section\" data-e-type=\"section\">\n\t\t\t\t\t\t<div class=\"elementor-container elementor-column-gap-default\">\n\t\t\t\t\t<div class=\"elementor-column elementor-col-100 elementor-top-column elementor-element elementor-element-d9356b4\" data-id=\"d9356b4\" data-element_type=\"column\" data-e-type=\"column\">\n\t\t\t<div class=\"elementor-widget-wrap elementor-element-populated\">\n\t\t\t\t\t\t<div class=\"elementor-element elementor-element-ba1516c elementor-widget elementor-widget-heading\" data-id=\"ba1516c\" data-element_type=\"widget\" data-e-type=\"widget\" data-widget_type=\"heading.default\">\n\t\t\t\t<div class=\"elementor-widget-container\">\n\t\t\t\t\t<h2 class=\"elementor-heading-title elementor-size-default\">roles.<\/h2>\t\t\t\t<\/div>\n\t\t\t\t<\/div>\n\t\t\t\t<div class=\"elementor-element elementor-element-32d0531 elementor-widget elementor-widget-text-editor\" data-id=\"32d0531\" data-element_type=\"widget\" data-e-type=\"widget\" data-widget_type=\"text-editor.default\">\n\t\t\t\t<div class=\"elementor-widget-container\">\n\t\t\t\t\t\t\t\t\t<p><span style=\"color: #00102e; font-size: 18px; font-weight: 600; text-align: start; background-color: #e0e0e0;\">JURIST. RESEARCHER. LECTURER. FEDERAL JUDGE.<\/span><\/p>\t\t\t\t\t\t\t\t<\/div>\n\t\t\t\t<\/div>\n\t\t\t\t\t<\/div>\n\t\t<\/div>\n\t\t\t\t\t<\/div>\n\t\t<\/section>\n\t\t\t\t<section class=\"elementor-section elementor-top-section elementor-element elementor-element-e294c18 elementor-section-content-middle elementor-section-boxed elementor-section-height-default elementor-section-height-default\" data-id=\"e294c18\" data-element_type=\"section\" data-e-type=\"section\">\n\t\t\t\t\t\t<div class=\"elementor-container elementor-column-gap-default\">\n\t\t\t\t\t<div class=\"elementor-column elementor-col-50 elementor-top-column elementor-element elementor-element-7d21a5d\" data-id=\"7d21a5d\" data-element_type=\"column\" data-e-type=\"column\" data-settings=\"{&quot;background_background&quot;:&quot;classic&quot;}\">\n\t\t\t<div class=\"elementor-widget-wrap elementor-element-populated\">\n\t\t\t\t\t\t<div class=\"elementor-element elementor-element-dea11fa elementor-widget elementor-widget-text-editor\" data-id=\"dea11fa\" data-element_type=\"widget\" data-e-type=\"widget\" data-widget_type=\"text-editor.default\">\n\t\t\t\t<div class=\"elementor-widget-container\">\n\t\t\t\t\t\t\t\t\t<h4>Faculty of Law and Social Sciences &#8211; Universidad Nacional del Litoral<\/h4><p><span style=\"font-size: 16px;\">The Universidad Nacional del Litoral is one of the most important and reference study centers in the Argentine Republic, in whose classrooms men and women main characters of the institutional history of the nation and the continent were trained. Emerged from the reformist movement that in 1918 proclaimed to the country and to all of Latin America its ideas of a free and open university community, state-owned and politically autonomous.<\/span><\/p><p><span style=\"font-size: 16px; color: var(--sydney-text-color);\">Since 2009 I have been an Associate Professor of Criminal Law \u2013 General Part of the Legal Profession career and a permanent professor of the Postgraduate careers Master&#8217;s Degree in Criminal Law, Specialization in Criminal Law, Specialization in Criminal Procedure Law and Specialization in Environmental Law and Guardianship of the Cultural Heritage, all from the Faculty of Legal and Social Sciences of the Universidad Nacional del Litoral (FCJS-UNL). As a Categorized Research Professor, I integrate various research projects of the Action Course for Research and Development (CAI+D) program.<\/span><\/p>\t\t\t\t\t\t\t\t<\/div>\n\t\t\t\t<\/div>\n\t\t\t\t\t<\/div>\n\t\t<\/div>\n\t\t\t\t<div class=\"elementor-column elementor-col-50 elementor-top-column elementor-element elementor-element-3a33b61\" data-id=\"3a33b61\" data-element_type=\"column\" data-e-type=\"column\" data-settings=\"{&quot;background_background&quot;:&quot;classic&quot;}\">\n\t\t\t<div class=\"elementor-widget-wrap elementor-element-populated\">\n\t\t\t\t\t\t<div class=\"elementor-element elementor-element-0f80b60 elementor-widget elementor-widget-image\" data-id=\"0f80b60\" data-element_type=\"widget\" data-e-type=\"widget\" data-widget_type=\"image.default\">\n\t\t\t\t<div class=\"elementor-widget-container\">\n\t\t\t\t\t\t\t\t\t\t\t\t\t\t\t\t<a href=\"https:\/\/www.fcjs.unl.edu.ar\/\" target=\"_blank\">\n\t\t\t\t\t\t\t<img fetchpriority=\"high\" decoding=\"async\" width=\"416\" height=\"312\" src=\"https:\/\/doctorleandrorios.com\/en\/wp-content\/uploads\/2021\/10\/UNL-Ciencias-Juridicas.jpg\" class=\"attachment-medium_large size-medium_large wp-image-341\" alt=\"\" srcset=\"https:\/\/doctorleandrorios.com\/en\/wp-content\/uploads\/2021\/10\/UNL-Ciencias-Juridicas.jpg 416w, https:\/\/doctorleandrorios.com\/en\/wp-content\/uploads\/2021\/10\/UNL-Ciencias-Juridicas-300x225.jpg 300w, https:\/\/doctorleandrorios.com\/en\/wp-content\/uploads\/2021\/10\/UNL-Ciencias-Juridicas-230x173.jpg 230w, https:\/\/doctorleandrorios.com\/en\/wp-content\/uploads\/2021\/10\/UNL-Ciencias-Juridicas-350x263.jpg 350w\" sizes=\"(max-width: 416px) 100vw, 416px\" \/>\t\t\t\t\t\t\t\t<\/a>\n\t\t\t\t\t\t\t\t\t\t\t\t\t\t\t<\/div>\n\t\t\t\t<\/div>\n\t\t\t\t\t<\/div>\n\t\t<\/div>\n\t\t\t\t\t<\/div>\n\t\t<\/section>\n\t\t\t\t<section class=\"elementor-section elementor-top-section elementor-element elementor-element-d73a5ad elementor-section-content-middle elementor-section-boxed elementor-section-height-default elementor-section-height-default\" data-id=\"d73a5ad\" data-element_type=\"section\" data-e-type=\"section\">\n\t\t\t\t\t\t<div class=\"elementor-container elementor-column-gap-default\">\n\t\t\t\t\t<div class=\"elementor-column elementor-col-50 elementor-top-column elementor-element elementor-element-ec8aee9\" data-id=\"ec8aee9\" data-element_type=\"column\" data-e-type=\"column\" data-settings=\"{&quot;background_background&quot;:&quot;classic&quot;}\">\n\t\t\t<div class=\"elementor-widget-wrap elementor-element-populated\">\n\t\t\t\t\t\t<div class=\"elementor-element elementor-element-9df5a75 elementor-widget elementor-widget-image\" data-id=\"9df5a75\" data-element_type=\"widget\" data-e-type=\"widget\" data-widget_type=\"image.default\">\n\t\t\t\t<div class=\"elementor-widget-container\">\n\t\t\t\t\t\t\t\t\t\t\t\t\t\t\t\t<a href=\"https:\/\/www.pjn.gov.ar\/\" target=\"_blank\">\n\t\t\t\t\t\t\t<img decoding=\"async\" width=\"650\" height=\"272\" data-src=\"https:\/\/doctorleandrorios.com\/en\/wp-content\/uploads\/2021\/10\/Poder-Judicial-de-la-Nacion.jpg\" class=\"attachment-medium_large size-medium_large wp-image-360 lazyload\" alt=\"\" data-srcset=\"https:\/\/doctorleandrorios.com\/en\/wp-content\/uploads\/2021\/10\/Poder-Judicial-de-la-Nacion.jpg 650w, https:\/\/doctorleandrorios.com\/en\/wp-content\/uploads\/2021\/10\/Poder-Judicial-de-la-Nacion-300x126.jpg 300w, https:\/\/doctorleandrorios.com\/en\/wp-content\/uploads\/2021\/10\/Poder-Judicial-de-la-Nacion-230x96.jpg 230w, https:\/\/doctorleandrorios.com\/en\/wp-content\/uploads\/2021\/10\/Poder-Judicial-de-la-Nacion-350x146.jpg 350w, https:\/\/doctorleandrorios.com\/en\/wp-content\/uploads\/2021\/10\/Poder-Judicial-de-la-Nacion-480x201.jpg 480w\" data-sizes=\"(max-width: 650px) 100vw, 650px\" src=\"data:image\/svg+xml;base64,PHN2ZyB3aWR0aD0iMSIgaGVpZ2h0PSIxIiB4bWxucz0iaHR0cDovL3d3dy53My5vcmcvMjAwMC9zdmciPjwvc3ZnPg==\" style=\"--smush-placeholder-width: 650px; --smush-placeholder-aspect-ratio: 650\/272;\" \/>\t\t\t\t\t\t\t\t<\/a>\n\t\t\t\t\t\t\t\t\t\t\t\t\t\t\t<\/div>\n\t\t\t\t<\/div>\n\t\t\t\t\t<\/div>\n\t\t<\/div>\n\t\t\t\t<div class=\"elementor-column elementor-col-50 elementor-top-column elementor-element elementor-element-a6b17da\" data-id=\"a6b17da\" data-element_type=\"column\" data-e-type=\"column\" data-settings=\"{&quot;background_background&quot;:&quot;classic&quot;}\">\n\t\t\t<div class=\"elementor-widget-wrap elementor-element-populated\">\n\t\t\t\t\t\t<div class=\"elementor-element elementor-element-3770f20 elementor-widget elementor-widget-text-editor\" data-id=\"3770f20\" data-element_type=\"widget\" data-e-type=\"widget\" data-widget_type=\"text-editor.default\">\n\t\t\t\t<div class=\"elementor-widget-container\">\n\t\t\t\t\t\t\t\t\t<h4>Judicial Branch of the Argentine Republic.<\/h4><span style=\"font-size: 16px;\">\nSince 2012, I have worked as a Federal Judge with criminal and electoral jurisdiction in the city of Paran\u00e1 &#8211; Province of Entre R\u00edos, Argentine Republic, a seat I earned through a background check and opposition, being appointed by the President of the Argentine Republic, confirmed by the Senate legislative body.<\/span>\t\t\t\t\t\t\t\t<\/div>\n\t\t\t\t<\/div>\n\t\t\t\t\t<\/div>\n\t\t<\/div>\n\t\t\t\t\t<\/div>\n\t\t<\/section>\n\t\t\t\t<\/div>\n\t\t","protected":false},"excerpt":{"rendered":"<p>roles. JURIST. RESEARCHER. LECTURER. FEDERAL JUDGE. Faculty of Law and Social Sciences &#8211; Universidad Nacional del Litoral The Universidad Nacional del Litoral [&hellip;]<\/p>\n","protected":false},"author":3,"featured_media":0,"parent":0,"menu_order":0,"comment_status":"closed","ping_status":"closed","template":"page-templates\/page_front-page.php","meta":{"footnotes":""},"class_list":["post-266","page","type-page","status-publish","hentry"],"yoast_head":"<!-- This site is optimized with the Yoast SEO plugin v27.5 - https:\/\/yoast.com\/product\/yoast-seo-wordpress\/ -->\n<title>Roles and Responsabilities - Dr. Leandro R\u00edos<\/title>\n<meta name=\"robots\" content=\"index, follow, max-snippet:-1, max-image-preview:large, max-video-preview:-1\" \/>\n<link rel=\"canonical\" href=\"https:\/\/doctorleandrorios.com\/en\/roles-responsabilities\/\" \/>\n<meta property=\"og:locale\" content=\"es_ES\" \/>\n<meta property=\"og:type\" content=\"article\" \/>\n<meta property=\"og:title\" content=\"Roles and Responsabilities - Dr. Leandro R\u00edos\" \/>\n<meta property=\"og:description\" content=\"roles. JURIST. RESEARCHER. LECTURER. FEDERAL JUDGE. Faculty of Law and Social Sciences &#8211; Universidad Nacional del Litoral The Universidad Nacional del Litoral [&hellip;]\" \/>\n<meta property=\"og:url\" content=\"https:\/\/doctorleandrorios.com\/en\/roles-responsabilities\/\" \/>\n<meta property=\"og:site_name\" content=\"Dr. Leandro R\u00edos\" \/>\n<meta property=\"article:modified_time\" content=\"2022-10-14T11:59:59+00:00\" \/>\n<meta property=\"og:image\" content=\"https:\/\/doctorleandrorios.com\/en\/wp-content\/uploads\/2021\/10\/UNL-Ciencias-Juridicas.jpg\" \/>\n<meta name=\"twitter:card\" content=\"summary_large_image\" \/>\n<meta name=\"twitter:label1\" content=\"Tiempo de lectura\" \/>\n\t<meta name=\"twitter:data1\" content=\"2 minutos\" \/>\n<script type=\"application\/ld+json\" class=\"yoast-schema-graph\">{\"@context\":\"https:\\\/\\\/schema.org\",\"@graph\":[{\"@type\":\"WebPage\",\"@id\":\"https:\\\/\\\/doctorleandrorios.com\\\/en\\\/roles-responsabilities\\\/\",\"url\":\"https:\\\/\\\/doctorleandrorios.com\\\/en\\\/roles-responsabilities\\\/\",\"name\":\"Roles and Responsabilities - Dr. Leandro R\u00edos\",\"isPartOf\":{\"@id\":\"https:\\\/\\\/doctorleandrorios.com\\\/en\\\/#website\"},\"primaryImageOfPage\":{\"@id\":\"https:\\\/\\\/doctorleandrorios.com\\\/en\\\/roles-responsabilities\\\/#primaryimage\"},\"image\":{\"@id\":\"https:\\\/\\\/doctorleandrorios.com\\\/en\\\/roles-responsabilities\\\/#primaryimage\"},\"thumbnailUrl\":\"https:\\\/\\\/doctorleandrorios.com\\\/en\\\/wp-content\\\/uploads\\\/2021\\\/10\\\/UNL-Ciencias-Juridicas.jpg\",\"datePublished\":\"2021-10-12T16:00:39+00:00\",\"dateModified\":\"2022-10-14T11:59:59+00:00\",\"breadcrumb\":{\"@id\":\"https:\\\/\\\/doctorleandrorios.com\\\/en\\\/roles-responsabilities\\\/#breadcrumb\"},\"inLanguage\":\"es\",\"potentialAction\":[{\"@type\":\"ReadAction\",\"target\":[\"https:\\\/\\\/doctorleandrorios.com\\\/en\\\/roles-responsabilities\\\/\"]}]},{\"@type\":\"ImageObject\",\"inLanguage\":\"es\",\"@id\":\"https:\\\/\\\/doctorleandrorios.com\\\/en\\\/roles-responsabilities\\\/#primaryimage\",\"url\":\"https:\\\/\\\/doctorleandrorios.com\\\/en\\\/wp-content\\\/uploads\\\/2021\\\/10\\\/UNL-Ciencias-Juridicas.jpg\",\"contentUrl\":\"https:\\\/\\\/doctorleandrorios.com\\\/en\\\/wp-content\\\/uploads\\\/2021\\\/10\\\/UNL-Ciencias-Juridicas.jpg\",\"width\":416,\"height\":312},{\"@type\":\"BreadcrumbList\",\"@id\":\"https:\\\/\\\/doctorleandrorios.com\\\/en\\\/roles-responsabilities\\\/#breadcrumb\",\"itemListElement\":[{\"@type\":\"ListItem\",\"position\":1,\"name\":\"Portada\",\"item\":\"https:\\\/\\\/doctorleandrorios.com\\\/en\\\/\"},{\"@type\":\"ListItem\",\"position\":2,\"name\":\"Roles and Responsabilities\"}]},{\"@type\":\"WebSite\",\"@id\":\"https:\\\/\\\/doctorleandrorios.com\\\/en\\\/#website\",\"url\":\"https:\\\/\\\/doctorleandrorios.com\\\/en\\\/\",\"name\":\"Dr. Leandro R\u00edos\",\"description\":\"Personal website of Doctor Leandro R\u00edos\",\"publisher\":{\"@id\":\"https:\\\/\\\/doctorleandrorios.com\\\/en\\\/#\\\/schema\\\/person\\\/7becc6bedb07d52217c002f23ac2fa40\"},\"potentialAction\":[{\"@type\":\"SearchAction\",\"target\":{\"@type\":\"EntryPoint\",\"urlTemplate\":\"https:\\\/\\\/doctorleandrorios.com\\\/en\\\/?s={search_term_string}\"},\"query-input\":{\"@type\":\"PropertyValueSpecification\",\"valueRequired\":true,\"valueName\":\"search_term_string\"}}],\"inLanguage\":\"es\"},{\"@type\":[\"Person\",\"Organization\"],\"@id\":\"https:\\\/\\\/doctorleandrorios.com\\\/en\\\/#\\\/schema\\\/person\\\/7becc6bedb07d52217c002f23ac2fa40\",\"name\":\"Leandro R\u00edos\",\"image\":{\"@type\":\"ImageObject\",\"inLanguage\":\"es\",\"@id\":\"https:\\\/\\\/doctorleandrorios.com\\\/wp-content\\\/uploads\\\/2022\\\/02\\\/Imagen-perfil-LD-Rios-02.png\",\"url\":\"https:\\\/\\\/doctorleandrorios.com\\\/wp-content\\\/uploads\\\/2022\\\/02\\\/Imagen-perfil-LD-Rios-02.png\",\"contentUrl\":\"https:\\\/\\\/doctorleandrorios.com\\\/wp-content\\\/uploads\\\/2022\\\/02\\\/Imagen-perfil-LD-Rios-02.png\",\"width\":300,\"height\":300,\"caption\":\"Leandro R\u00edos\"},\"logo\":{\"@id\":\"https:\\\/\\\/doctorleandrorios.com\\\/wp-content\\\/uploads\\\/2022\\\/02\\\/Imagen-perfil-LD-Rios-02.png\"},\"description\":\"Leandro Dami\u00e1n R\u00edos es Doctor en Derecho, Magister en Derecho Penal y Abogado Especialista en Derecho Penal egresado de Facultad de Ciencias Jur\u00eddicas y Sociales de la Universidad Nacional del Litoral (FCJS \u2013 UNL). Es Profesor Adjunto Ordinario de Derecho Penal \u2013 Parte General, de grado y de posgrado. Es Disertante y Docente invitado en universidades argentinas y extranjeras. Es autor de publicaciones sobre tem\u00e1ticas relativas al Derecho Penal, Procesal Penal, Electoral, Ambiental, de G\u00e9nero y a la Teor\u00eda General del Derecho. El Doctor Leandro R\u00edos se desempe\u00f1a como Juez Federal con competencia penal y electoral en la ciudad de Paran\u00e1 \u2013 Entre R\u00edos, Rep\u00fablica Argentina.\",\"sameAs\":[\"http:\\\/\\\/www.doctorleandrorios.com\",\"https:\\\/\\\/www.youtube.com\\\/channel\\\/UCscDlWavVlJ533Zp4yoR5Ww\"]}]}<\/script>\n<!-- \/ Yoast SEO plugin. -->","yoast_head_json":{"title":"Roles and Responsabilities - Dr. Leandro R\u00edos","robots":{"index":"index","follow":"follow","max-snippet":"max-snippet:-1","max-image-preview":"max-image-preview:large","max-video-preview":"max-video-preview:-1"},"canonical":"https:\/\/doctorleandrorios.com\/en\/roles-responsabilities\/","og_locale":"es_ES","og_type":"article","og_title":"Roles and Responsabilities - Dr. Leandro R\u00edos","og_description":"roles. JURIST. RESEARCHER. LECTURER. FEDERAL JUDGE. Faculty of Law and Social Sciences &#8211; Universidad Nacional del Litoral The Universidad Nacional del Litoral [&hellip;]","og_url":"https:\/\/doctorleandrorios.com\/en\/roles-responsabilities\/","og_site_name":"Dr. Leandro R\u00edos","article_modified_time":"2022-10-14T11:59:59+00:00","og_image":[{"url":"https:\/\/doctorleandrorios.com\/en\/wp-content\/uploads\/2021\/10\/UNL-Ciencias-Juridicas.jpg","type":"","width":"","height":""}],"twitter_card":"summary_large_image","twitter_misc":{"Tiempo de lectura":"2 minutos"},"schema":{"@context":"https:\/\/schema.org","@graph":[{"@type":"WebPage","@id":"https:\/\/doctorleandrorios.com\/en\/roles-responsabilities\/","url":"https:\/\/doctorleandrorios.com\/en\/roles-responsabilities\/","name":"Roles and Responsabilities - Dr. Leandro R\u00edos","isPartOf":{"@id":"https:\/\/doctorleandrorios.com\/en\/#website"},"primaryImageOfPage":{"@id":"https:\/\/doctorleandrorios.com\/en\/roles-responsabilities\/#primaryimage"},"image":{"@id":"https:\/\/doctorleandrorios.com\/en\/roles-responsabilities\/#primaryimage"},"thumbnailUrl":"https:\/\/doctorleandrorios.com\/en\/wp-content\/uploads\/2021\/10\/UNL-Ciencias-Juridicas.jpg","datePublished":"2021-10-12T16:00:39+00:00","dateModified":"2022-10-14T11:59:59+00:00","breadcrumb":{"@id":"https:\/\/doctorleandrorios.com\/en\/roles-responsabilities\/#breadcrumb"},"inLanguage":"es","potentialAction":[{"@type":"ReadAction","target":["https:\/\/doctorleandrorios.com\/en\/roles-responsabilities\/"]}]},{"@type":"ImageObject","inLanguage":"es","@id":"https:\/\/doctorleandrorios.com\/en\/roles-responsabilities\/#primaryimage","url":"https:\/\/doctorleandrorios.com\/en\/wp-content\/uploads\/2021\/10\/UNL-Ciencias-Juridicas.jpg","contentUrl":"https:\/\/doctorleandrorios.com\/en\/wp-content\/uploads\/2021\/10\/UNL-Ciencias-Juridicas.jpg","width":416,"height":312},{"@type":"BreadcrumbList","@id":"https:\/\/doctorleandrorios.com\/en\/roles-responsabilities\/#breadcrumb","itemListElement":[{"@type":"ListItem","position":1,"name":"Portada","item":"https:\/\/doctorleandrorios.com\/en\/"},{"@type":"ListItem","position":2,"name":"Roles and Responsabilities"}]},{"@type":"WebSite","@id":"https:\/\/doctorleandrorios.com\/en\/#website","url":"https:\/\/doctorleandrorios.com\/en\/","name":"Dr. Leandro R\u00edos","description":"Personal website of Doctor Leandro R\u00edos","publisher":{"@id":"https:\/\/doctorleandrorios.com\/en\/#\/schema\/person\/7becc6bedb07d52217c002f23ac2fa40"},"potentialAction":[{"@type":"SearchAction","target":{"@type":"EntryPoint","urlTemplate":"https:\/\/doctorleandrorios.com\/en\/?s={search_term_string}"},"query-input":{"@type":"PropertyValueSpecification","valueRequired":true,"valueName":"search_term_string"}}],"inLanguage":"es"},{"@type":["Person","Organization"],"@id":"https:\/\/doctorleandrorios.com\/en\/#\/schema\/person\/7becc6bedb07d52217c002f23ac2fa40","name":"Leandro R\u00edos","image":{"@type":"ImageObject","inLanguage":"es","@id":"https:\/\/doctorleandrorios.com\/wp-content\/uploads\/2022\/02\/Imagen-perfil-LD-Rios-02.png","url":"https:\/\/doctorleandrorios.com\/wp-content\/uploads\/2022\/02\/Imagen-perfil-LD-Rios-02.png","contentUrl":"https:\/\/doctorleandrorios.com\/wp-content\/uploads\/2022\/02\/Imagen-perfil-LD-Rios-02.png","width":300,"height":300,"caption":"Leandro R\u00edos"},"logo":{"@id":"https:\/\/doctorleandrorios.com\/wp-content\/uploads\/2022\/02\/Imagen-perfil-LD-Rios-02.png"},"description":"Leandro Dami\u00e1n R\u00edos es Doctor en Derecho, Magister en Derecho Penal y Abogado Especialista en Derecho Penal egresado de Facultad de Ciencias Jur\u00eddicas y Sociales de la Universidad Nacional del Litoral (FCJS \u2013 UNL). Es Profesor Adjunto Ordinario de Derecho Penal \u2013 Parte General, de grado y de posgrado. Es Disertante y Docente invitado en universidades argentinas y extranjeras. Es autor de publicaciones sobre tem\u00e1ticas relativas al Derecho Penal, Procesal Penal, Electoral, Ambiental, de G\u00e9nero y a la Teor\u00eda General del Derecho. El Doctor Leandro R\u00edos se desempe\u00f1a como Juez Federal con competencia penal y electoral en la ciudad de Paran\u00e1 \u2013 Entre R\u00edos, Rep\u00fablica Argentina.","sameAs":["http:\/\/www.doctorleandrorios.com","https:\/\/www.youtube.com\/channel\/UCscDlWavVlJ533Zp4yoR5Ww"]}]}},"_links":{"self":[{"href":"https:\/\/doctorleandrorios.com\/en\/wp-json\/wp\/v2\/pages\/266","targetHints":{"allow":["GET"]}}],"collection":[{"href":"https:\/\/doctorleandrorios.com\/en\/wp-json\/wp\/v2\/pages"}],"about":[{"href":"https:\/\/doctorleandrorios.com\/en\/wp-json\/wp\/v2\/types\/page"}],"author":[{"embeddable":true,"href":"https:\/\/doctorleandrorios.com\/en\/wp-json\/wp\/v2\/users\/3"}],"replies":[{"embeddable":true,"href":"https:\/\/doctorleandrorios.com\/en\/wp-json\/wp\/v2\/comments?post=266"}],"version-history":[{"count":84,"href":"https:\/\/doctorleandrorios.com\/en\/wp-json\/wp\/v2\/pages\/266\/revisions"}],"predecessor-version":[{"id":2135,"href":"https:\/\/doctorleandrorios.com\/en\/wp-json\/wp\/v2\/pages\/266\/revisions\/2135"}],"wp:attachment":[{"href":"https:\/\/doctorleandrorios.com\/en\/wp-json\/wp\/v2\/media?parent=266"}],"curies":[{"name":"wp","href":"https:\/\/api.w.org\/{rel}","templated":true}]}}